{"id":1043,"date":"2025-06-03T17:46:08","date_gmt":"2025-06-03T15:46:08","guid":{"rendered":"https:\/\/etecchiati.com\/references\/"},"modified":"2025-07-09T18:13:53","modified_gmt":"2025-07-09T16:13:53","slug":"references","status":"publish","type":"page","link":"https:\/\/etecchiati.com\/en\/references\/","title":{"rendered":"References"},"content":{"rendered":"\t\t<div data-elementor-type=\"wp-page\" data-elementor-id=\"1043\" class=\"elementor elementor-1043 elementor-270\" data-elementor-post-type=\"page\">\n\t\t\t\t<div class=\"elementor-element elementor-element-2dcfa09 e-flex e-con-boxed e-con e-parent\" data-id=\"2dcfa09\" data-element_type=\"container\" data-e-type=\"container\" data-settings=\"{&quot;background_background&quot;:&quot;classic&quot;}\">\n\t\t\t\t\t<div class=\"e-con-inner\">\n\t\t\t\t<div class=\"elementor-element elementor-element-981b4b2 elementor-widget elementor-widget-heading\" data-id=\"981b4b2\" data-element_type=\"widget\" data-e-type=\"widget\" data-widget_type=\"heading.default\">\n\t\t\t\t<div class=\"elementor-widget-container\">\n\t\t\t\t\t<h1 class=\"elementor-heading-title elementor-size-default\">My references<\/h1>\t\t\t\t<\/div>\n\t\t\t\t<\/div>\n\t\t\t\t\t<\/div>\n\t\t\t\t<\/div>\n\t\t<div class=\"elementor-element elementor-element-6a5a412 e-flex e-con-boxed elementor-invisible e-con e-parent\" data-id=\"6a5a412\" data-element_type=\"container\" data-e-type=\"container\" data-settings=\"{&quot;background_background&quot;:&quot;classic&quot;,&quot;animation&quot;:&quot;slideInUp&quot;}\">\n\t\t\t\t\t<div class=\"e-con-inner\">\n\t\t\t\t<div class=\"elementor-element elementor-element-186c5a1 elementor-widget elementor-widget-text-editor\" data-id=\"186c5a1\" data-element_type=\"widget\" data-e-type=\"widget\" data-widget_type=\"text-editor.default\">\n\t\t\t\t<div class=\"elementor-widget-container\">\n\t\t\t\t\t\t\t\t\t<p>Some references from my experience:<\/p>\t\t\t\t\t\t\t\t<\/div>\n\t\t\t\t<\/div>\n\t\t\t\t<div class=\"elementor-element elementor-element-60e8a56 elementor-align-center elementor-invisible elementor-widget elementor-widget-button\" data-id=\"60e8a56\" data-element_type=\"widget\" data-e-type=\"widget\" data-settings=\"{&quot;_animation&quot;:&quot;slideInUp&quot;}\" data-widget_type=\"button.default\">\n\t\t\t\t<div class=\"elementor-widget-container\">\n\t\t\t\t\t\t\t\t\t<div class=\"elementor-button-wrapper\">\n\t\t\t\t\t<a class=\"elementor-button elementor-button-link elementor-size-sm\" href=\"https:\/\/etecchiati.com\/contacto\/\">\n\t\t\t\t\t\t<span class=\"elementor-button-content-wrapper\">\n\t\t\t\t\t\t\t\t\t<span class=\"elementor-button-text\">Book a free discovery call.<\/span>\n\t\t\t\t\t<\/span>\n\t\t\t\t\t<\/a>\n\t\t\t\t<\/div>\n\t\t\t\t\t\t\t\t<\/div>\n\t\t\t\t<\/div>\n\t\t\t\t\t<\/div>\n\t\t\t\t<\/div>\n\t\t<div class=\"elementor-element elementor-element-7ba10b9 e-con-full e-flex e-con e-parent\" data-id=\"7ba10b9\" data-element_type=\"container\" data-e-type=\"container\" data-settings=\"{&quot;background_background&quot;:&quot;classic&quot;}\">\n\t\t<div class=\"elementor-element elementor-element-79c18ac e-con-full e-flex e-con e-child\" data-id=\"79c18ac\" data-element_type=\"container\" data-e-type=\"container\">\n\t\t\t\t<div class=\"elementor-element elementor-element-b5b6150 elementor-invisible elementor-widget elementor-widget-image\" data-id=\"b5b6150\" data-element_type=\"widget\" data-e-type=\"widget\" data-settings=\"{&quot;_animation&quot;:&quot;fadeInDown&quot;}\" data-widget_type=\"image.default\">\n\t\t\t\t<div class=\"elementor-widget-container\">\n\t\t\t\t\t\t\t\t\t\t\t\t\t\t\t<img fetchpriority=\"high\" decoding=\"async\" width=\"500\" height=\"500\" src=\"https:\/\/etecchiati.com\/wp-content\/uploads\/2025\/05\/Logo-Elena-Sol.svg\" class=\"attachment-full size-full wp-image-1003\" alt=\"\" \/>\t\t\t\t\t\t\t\t\t\t\t\t\t\t\t<\/div>\n\t\t\t\t<\/div>\n\t\t\t\t<div class=\"elementor-element elementor-element-ec8690d elementor-widget elementor-widget-text-editor\" data-id=\"ec8690d\" data-element_type=\"widget\" data-e-type=\"widget\" data-widget_type=\"text-editor.default\">\n\t\t\t\t<div class=\"elementor-widget-container\">\n\t\t\t\t\t\t\t\t\t<ul><li>Baglioni Hotels<\/li><li>Barcelona Activa<\/li><li>Bayer AG<\/li><li>Bayer Business Services GmbH<\/li><li>BetterUp<\/li><li>Bewotec GmbH<\/li><li>BIG direkt gesund<\/li><li>Career Service WiSo-Fakult\u00e4t, Cologne University<\/li><li>Change International Ltd.<\/li><li>Computacenter<\/li><li>Cosentino S.A.<\/li><li>Costa Crociere<\/li><li>Corporaci\u00f3n Cervino XXI<\/li><li>Demes Partner f\u00fcr Individuelle L\u00f6sungen<\/li><li>Deutsche Arbeitsgemeinschaft f\u00fcr Jugendzahnpflege e.V.<\/li><li>Deutsche Verm\u00f6gensberatung AG<\/li><li>Dow Jones<\/li><li>EADA Business School<\/li><li>eDreams<\/li><li>Engrande S.L.<\/li><\/ul>\t\t\t\t\t\t\t\t<\/div>\n\t\t\t\t<\/div>\n\t\t\t\t<\/div>\n\t\t<div class=\"elementor-element elementor-element-c619129 e-con-full e-flex e-con e-child\" data-id=\"c619129\" data-element_type=\"container\" data-e-type=\"container\">\n\t\t\t\t<div class=\"elementor-element elementor-element-d0b27d1 elementor-invisible elementor-widget elementor-widget-image\" data-id=\"d0b27d1\" data-element_type=\"widget\" data-e-type=\"widget\" data-settings=\"{&quot;_animation&quot;:&quot;fadeInDown&quot;}\" data-widget_type=\"image.default\">\n\t\t\t\t<div class=\"elementor-widget-container\">\n\t\t\t\t\t\t\t\t\t\t\t\t\t\t\t<img fetchpriority=\"high\" decoding=\"async\" width=\"500\" height=\"500\" src=\"https:\/\/etecchiati.com\/wp-content\/uploads\/2025\/05\/Logo-Elena-Sol.svg\" class=\"attachment-full size-full wp-image-1003\" alt=\"\" \/>\t\t\t\t\t\t\t\t\t\t\t\t\t\t\t<\/div>\n\t\t\t\t<\/div>\n\t\t\t\t<div class=\"elementor-element elementor-element-ba9c6b5 elementor-widget elementor-widget-text-editor\" data-id=\"ba9c6b5\" data-element_type=\"widget\" data-e-type=\"widget\" data-widget_type=\"text-editor.default\">\n\t\t\t\t<div class=\"elementor-widget-container\">\n\t\t\t\t\t\t\t\t\t<ul><li>Ebersp\u00e4cher<\/li><li>Escuela Europea de Coaching<\/li><li>EWMD International Network<\/li><li>Evonik Industries AG<\/li><li>Ferrovial<\/li><li>FranchisePORTAL GmbH<\/li><li>Fundaci\u00f3 Blanquerna<\/li><li>Gas Natural Fenosa<\/li><li>Grifols<\/li><li>Hartmann<\/li><li>Haufe Akademie GmbH &amp; Co. KG<\/li><li>Henkel AG<\/li><li>Integrata AG<\/li><li>LEO Pharma<\/li><li>LiW Beratung und Training<\/li><li>LiW e. V. <\/li><li>LS Training und Services<\/li><li>Mann+Hummel<\/li><li>Meli\u00e1 Hotels<\/li><li>Molina S.A<\/li><li>Project Networks GmbH<\/li><li>Red Electrica de Espa\u00f1a<\/li><li>Soymimarca S.L.<\/li><\/ul>\t\t\t\t\t\t\t\t<\/div>\n\t\t\t\t<\/div>\n\t\t\t\t<\/div>\n\t\t<div class=\"elementor-element elementor-element-ad4b663 e-con-full e-flex e-con e-child\" data-id=\"ad4b663\" data-element_type=\"container\" data-e-type=\"container\">\n\t\t\t\t<div class=\"elementor-element elementor-element-8a3404a elementor-invisible elementor-widget elementor-widget-image\" data-id=\"8a3404a\" data-element_type=\"widget\" data-e-type=\"widget\" data-settings=\"{&quot;_animation&quot;:&quot;fadeInDown&quot;}\" data-widget_type=\"image.default\">\n\t\t\t\t<div class=\"elementor-widget-container\">\n\t\t\t\t\t\t\t\t\t\t\t\t\t\t\t<img fetchpriority=\"high\" decoding=\"async\" width=\"500\" height=\"500\" src=\"https:\/\/etecchiati.com\/wp-content\/uploads\/2025\/05\/Logo-Elena-Sol.svg\" class=\"attachment-full size-full wp-image-1003\" alt=\"\" \/>\t\t\t\t\t\t\t\t\t\t\t\t\t\t\t<\/div>\n\t\t\t\t<\/div>\n\t\t\t\t<div class=\"elementor-element elementor-element-d596436 elementor-widget elementor-widget-text-editor\" data-id=\"d596436\" data-element_type=\"widget\" data-e-type=\"widget\" data-widget_type=\"text-editor.default\">\n\t\t\t\t<div class=\"elementor-widget-container\">\n\t\t\t\t\t\t\t\t\t<ul><li>TV-Produktion Video Master<\/li><li>University of Bochum, Germany<\/li><li>WDR Funkhaus Europa<\/li><li>Webtravel.de GmbH<\/li><li>WIN Women in Network<\/li><li>VR Bank<\/li><li>Business Schools y Universidades<\/li><li>Career Service WiSo-Fakult\u00e4t, Cologne University<\/li><li>EADA Business School<\/li><li>EISAI<\/li><li>European University<\/li><li>Fundaci\u00f3n Blanquerna<\/li><li>Geneva Business School<\/li><li>Global Business School of Barcelona<\/li><li>IDEP Barcelona<\/li><li>IEBS<\/li><li>Macromedia Hochschule f\u00fcr Medien und Kommunikation<\/li><li>Skillsoft Coaching<\/li><li>Speexx Business Coaching<\/li><li>University of Bochum, Germany<\/li><li>Universidad de Barcelona<\/li><\/ul>\t\t\t\t\t\t\t\t<\/div>\n\t\t\t\t<\/div>\n\t\t\t\t<\/div>\n\t\t\t\t<\/div>\n\t\t\t\t<\/div>\n\t\t","protected":false},"excerpt":{"rendered":"<p>My references Some references from my experience: Book a free discovery call. Baglioni Hotels Barcelona Activa Bayer AG Bayer Business Services GmbH BetterUp Bewotec GmbH BIG direkt gesund Career Service WiSo-Fakult\u00e4t, Cologne University Change International Ltd. Computacenter Cosentino S.A. Costa Crociere Corporaci\u00f3n Cervino XXI Demes Partner f\u00fcr Individuelle L\u00f6sungen Deutsche Arbeitsgemeinschaft f\u00fcr Jugendzahnpflege e.V. Deutsche &#8230; <a title=\"References\" class=\"read-more\" href=\"https:\/\/etecchiati.com\/en\/references\/\" aria-label=\"Read more about References\">Read more<\/a><\/p>\n","protected":false},"author":1,"featured_media":0,"parent":0,"menu_order":0,"comment_status":"closed","ping_status":"closed","template":"elementor_header_footer","meta":{"footnotes":""},"class_list":["post-1043","page","type-page","status-publish"],"_links":{"self":[{"href":"https:\/\/etecchiati.com\/en\/wp-json\/wp\/v2\/pages\/1043","targetHints":{"allow":["GET"]}}],"collection":[{"href":"https:\/\/etecchiati.com\/en\/wp-json\/wp\/v2\/pages"}],"about":[{"href":"https:\/\/etecchiati.com\/en\/wp-json\/wp\/v2\/types\/page"}],"author":[{"embeddable":true,"href":"https:\/\/etecchiati.com\/en\/wp-json\/wp\/v2\/users\/1"}],"replies":[{"embeddable":true,"href":"https:\/\/etecchiati.com\/en\/wp-json\/wp\/v2\/comments?post=1043"}],"version-history":[{"count":1,"href":"https:\/\/etecchiati.com\/en\/wp-json\/wp\/v2\/pages\/1043\/revisions"}],"predecessor-version":[{"id":1044,"href":"https:\/\/etecchiati.com\/en\/wp-json\/wp\/v2\/pages\/1043\/revisions\/1044"}],"wp:attachment":[{"href":"https:\/\/etecchiati.com\/en\/wp-json\/wp\/v2\/media?parent=1043"}],"curies":[{"name":"wp","href":"https:\/\/api.w.org\/{rel}","templated":true}]}}